{"id":812,"date":"2023-10-01T09:58:35","date_gmt":"2023-10-01T07:58:35","guid":{"rendered":"https:\/\/saphir-computer.de\/willkommen\/?page_id=812"},"modified":"2023-10-01T12:16:00","modified_gmt":"2023-10-01T10:16:00","slug":"geschaeftskunden","status":"publish","type":"page","link":"https:\/\/saphir-computer.de\/willkommen\/geschaeftskunden","title":{"rendered":"Gesch\u00e4ftskunden"},"content":{"rendered":"\n<h1 class=\"wp-block-heading has-text-align-center\">Gesch\u00e4ftskunden<\/h1>\n\n\n\n<p class=\"has-text-align-center\">Seit jeher betreuen wir mittelst\u00e4ndische Gesch\u00e4ftskunden. Unser Wirkungskreis erstreckt sich \u00fcber den Kreis Coesfeld, Borken und Steinfurt. Vereinzelt haben wir auch Verbindungen nach M\u00fcnster. Dank unserer strukturierten Arbeitsweise und Kommunikation, die in diesem Umfeld notwendig ist, gew\u00e4hrleisten wir einen<br>effizienten und sicheren Betrieb Ihrer EDV Anlage. <br>Gerade im Gesch\u00e4ftsfeld ist es notwendig einen verl\u00e4sslichen Partner f\u00fcr die verschiedensten Endger\u00e4te zu haben. <\/p>\n\n\n\n<hr class=\"wp-block-separator has-alpha-channel-opacity\"\/>\n\n\n<div class=\"wp-block-image\">\n<figure class=\"aligncenter size-full is-resized\"><img loading=\"lazy\" decoding=\"async\" src=\"https:\/\/saphir-computer.de\/wp-content\/uploads\/2023\/10\/3DPerson_weisss_mit_Laptop_Fehler.png\" alt=\"\" class=\"wp-image-819\" style=\"width:273px;height:274px\" width=\"273\" height=\"274\" srcset=\"https:\/\/saphir-computer.de\/wp-content\/uploads\/2023\/10\/3DPerson_weisss_mit_Laptop_Fehler.png 816w, https:\/\/saphir-computer.de\/wp-content\/uploads\/2023\/10\/3DPerson_weisss_mit_Laptop_Fehler-300x300.png 300w, https:\/\/saphir-computer.de\/wp-content\/uploads\/2023\/10\/3DPerson_weisss_mit_Laptop_Fehler-150x150.png 150w, https:\/\/saphir-computer.de\/wp-content\/uploads\/2023\/10\/3DPerson_weisss_mit_Laptop_Fehler-768x771.png 768w, https:\/\/saphir-computer.de\/wp-content\/uploads\/2023\/10\/3DPerson_weisss_mit_Laptop_Fehler-144x144.png 144w\" sizes=\"auto, (max-width: 273px) 100vw, 273px\" \/><\/figure><\/div>\n\n\n<h4 class=\"wp-block-heading has-text-align-center\">Insbesondere kommt es dabei auf folgende Oberpunkte und Dienstleistungen an:<\/h4>\n\n\n<div class=\"wp-block-image\">\n<figure class=\"aligncenter size-full is-resized\"><img loading=\"lazy\" decoding=\"async\" src=\"https:\/\/saphir-computer.de\/wp-content\/uploads\/2023\/10\/Diamant_vektorisch_aus_Visitenkarte_exportiert_isoliert_farblich_geaendert.png\" alt=\"\" class=\"wp-image-820\" style=\"object-fit:cover;width:75px;height:57px\" width=\"75\" height=\"57\"\/><\/figure><\/div>\n\n\n<p class=\"has-text-align-center\">Datensicherung und vollkommene Dokumentation der Arbeiten, Speicherung oder Hinterlegung vorwiegend auf Kundenseite.<\/p>\n\n\n<div class=\"wp-block-image\">\n<figure class=\"aligncenter size-full is-resized\"><img loading=\"lazy\" decoding=\"async\" src=\"https:\/\/saphir-computer.de\/wp-content\/uploads\/2023\/10\/Diamant_vektorisch_aus_Visitenkarte_exportiert_isoliert_farblich_geaendert.png\" alt=\"\" class=\"wp-image-820\" style=\"object-fit:cover;width:75px;height:57px\" width=\"75\" height=\"57\"\/><\/figure><\/div>\n\n\n<p class=\"has-text-align-center\">Regelm\u00e4\u00dfige Wartung Ihres Systems, Notfalleins\u00e4tze, Full Service f\u00fcr EDV, Infrastruktur und Zubeh\u00f6r.<\/p>\n\n\n<div class=\"wp-block-image\">\n<figure class=\"aligncenter size-full is-resized\"><img loading=\"lazy\" decoding=\"async\" src=\"https:\/\/saphir-computer.de\/wp-content\/uploads\/2023\/10\/Diamant_vektorisch_aus_Visitenkarte_exportiert_isoliert_farblich_geaendert.png\" alt=\"\" class=\"wp-image-820\" style=\"object-fit:cover;width:75px;height:57px\" width=\"75\" height=\"57\"\/><\/figure><\/div>\n\n\n<p class=\"has-text-align-center\">Datenschutz, Cloud, Server und Netzwerke, Office und Email, Telekommunikation, <br>Security durch IP-Kameras u.a. Zubeh\u00f6r wie z.B. Smart Produkte.<\/p>\n\n\n<div class=\"wp-block-image\">\n<figure class=\"aligncenter size-full is-resized\"><img loading=\"lazy\" decoding=\"async\" src=\"https:\/\/saphir-computer.de\/wp-content\/uploads\/2023\/10\/Diamant_vektorisch_aus_Visitenkarte_exportiert_isoliert_farblich_geaendert.png\" alt=\"\" class=\"wp-image-820\" style=\"object-fit:cover;width:75px;height:57px\" width=\"75\" height=\"57\"\/><\/figure><\/div>\n\n\n<p class=\"has-text-align-center\">Auf Wunsch Wartungsvertrag oder gesondert ausgehandelte Tarife und Preise f\u00fcr Ihr Gewerbe. <br>Abh\u00e4ngig von Laufzeit oder jeweiligem Projekt.<\/p>\n\n\n\n<hr class=\"wp-block-separator has-alpha-channel-opacity\"\/>\n\n\n\n<p class=\"has-text-align-center\"><\/p>\n","protected":false},"excerpt":{"rendered":"<p>Gesch\u00e4ftskunden Seit jeher betreuen wir mittelst\u00e4ndische Gesch\u00e4ftskunden. Unser Wirkungskreis erstreckt sich \u00fcber den Kreis Coesfeld, Borken und Steinfurt. Vereinzelt haben wir auch Verbindungen nach M\u00fcnster. Dank unserer strukturierten Arbeitsweise und Kommunikation, die in diesem Umfeld notwendig ist, gew\u00e4hrleisten wir eineneffizienten und sicheren Betrieb Ihrer EDV Anlage. Gerade im Gesch\u00e4ftsfeld ist es notwendig einen verl\u00e4sslichen Partner&hellip;&nbsp;<a href=\"https:\/\/saphir-computer.de\/willkommen\/geschaeftskunden\" class=\"\" rel=\"bookmark\">Weiterlesen &raquo;<span class=\"screen-reader-text\">Gesch\u00e4ftskunden<\/span><\/a><\/p>\n","protected":false},"author":2,"featured_media":0,"parent":0,"menu_order":0,"comment_status":"closed","ping_status":"closed","template":"","meta":{"neve_meta_sidebar":"","neve_meta_container":"","neve_meta_enable_content_width":"","neve_meta_content_width":0,"neve_meta_title_alignment":"","neve_meta_author_avatar":"","neve_post_elements_order":"","neve_meta_disable_header":"","neve_meta_disable_footer":"","neve_meta_disable_title":"","neve_meta_reading_time":"","footnotes":""},"class_list":["post-812","page","type-page","status-publish","hentry"],"aioseo_notices":[],"_links":{"self":[{"href":"https:\/\/saphir-computer.de\/willkommen\/wp-json\/wp\/v2\/pages\/812","targetHints":{"allow":["GET"]}}],"collection":[{"href":"https:\/\/saphir-computer.de\/willkommen\/wp-json\/wp\/v2\/pages"}],"about":[{"href":"https:\/\/saphir-computer.de\/willkommen\/wp-json\/wp\/v2\/types\/page"}],"author":[{"embeddable":true,"href":"https:\/\/saphir-computer.de\/willkommen\/wp-json\/wp\/v2\/users\/2"}],"replies":[{"embeddable":true,"href":"https:\/\/saphir-computer.de\/willkommen\/wp-json\/wp\/v2\/comments?post=812"}],"version-history":[{"count":5,"href":"https:\/\/saphir-computer.de\/willkommen\/wp-json\/wp\/v2\/pages\/812\/revisions"}],"predecessor-version":[{"id":824,"href":"https:\/\/saphir-computer.de\/willkommen\/wp-json\/wp\/v2\/pages\/812\/revisions\/824"}],"wp:attachment":[{"href":"https:\/\/saphir-computer.de\/willkommen\/wp-json\/wp\/v2\/media?parent=812"}],"curies":[{"name":"wp","href":"https:\/\/api.w.org\/{rel}","templated":true}]}}