{"id":8,"date":"2023-08-02T14:15:25","date_gmt":"2023-08-02T14:15:25","guid":{"rendered":"https:\/\/saphir-computer.de\/?page_id=8"},"modified":"2023-10-20T17:41:03","modified_gmt":"2023-10-20T15:41:03","slug":"reparaturservice","status":"publish","type":"page","link":"https:\/\/saphir-computer.de\/willkommen\/reparaturservice","title":{"rendered":"Reparaturservice"},"content":{"rendered":"\n<h1 class=\"wp-block-heading has-text-align-center\">Reparaturservice<\/h1>\n\n\n\n<p class=\"has-text-align-center\"><strong>Wir bieten Ihnen Dank unserer langj\u00e4hrigen Erfahrung im PC und Notebook Bereich einen Reparaturservice an.<\/strong><br><br>Mit unserer Hard- und Softwarediagnose lassen sich die meisten Fehler schnell finden und in aller Regel wieder reparieren.<br><br>Ob es um ein softwareseitiges- oder hardwareseitiges Problem geht, erschlie\u00dft sich uns erst, wenn wir Ihr Ger\u00e4t<br>entweder bei uns oder bei Ihnen getestet wurde. <br><br>Wir arbeiten mit anerkannten und bekannten Pr\u00fcfttools und Werkzeugen.<br>Von der Ermittlung des Schadens bis hin zur Wahl des richtigen Ersatzteiles im Einzelfall, sind sie in den Service eingebunden.<br><br>Wir erstellen Angebote f\u00fcr Reparaturen oder Umr\u00fcstungen. Desweiteren bieten wir Ihnen unverbindlich die M\u00f6glichkeit,<br>einen Kostenvoranschlag f\u00fcr die Versicherung erstellen zu lassen. In Absprache und zu den von uns genannten Konditionen.<br><br>Durch den h\u00e4ufigen Zugriff auf die g\u00e4ngigen Ersatzteile und Software Produkte, kann ein kompatibler Betrieb Ihrer<br>Anlage gew\u00e4hrleistet werden. <br>Wir sind im Verbund mit H\u00e4ndlern, Zulieferern und Ansprechpartnern aus der EDV Branche.<br><br>Die Tatsache, das wir in Kontakt mit den Firmen stehen, sehen wir als Vorteil, da es auch Reparaturen gibt oder <br>Austausche, die eine Fachwerkstatt mit Spezialwerkzeug erfordern. Darauf k\u00f6nnen wir als EDV Fachgesch\u00e4ft zur\u00fcckgreifen. <br><br>Der Reparaturservice erfolgt stets nach einer bestimmten Richtlinie, die dazu dient, den Ablauf der Reparatur zu<br>optimieren und \u00fcberschaubar zu halten. (Dokumentation in Bild und Schrift)<br><br>Im Kundengespr\u00e4ch bei der Er\u00f6rterung des Problems und Annahme des jeweiligen Ger\u00e4tes, schauen wir stets, mit welcher<br>Marke wir es zu tun haben. Gleichzeitig berechnen wir fair, kompetent und sachlich, ob sich ein Austausch oder Erweiterung<br>noch lohnt und technisch kompatibel ist.<br><br>Unsere Dienstleistungen richtet sich an Endverbraucher und an mittelst\u00e4ndische Unternehmen. Vereine und Verb\u00e4nde, sowie<br>an Gesellschaften.<br><\/p>\n","protected":false},"excerpt":{"rendered":"<p>Reparaturservice Wir bieten Ihnen Dank unserer langj\u00e4hrigen Erfahrung im PC und Notebook Bereich einen Reparaturservice an. Mit unserer Hard- und Softwarediagnose lassen sich die meisten Fehler schnell finden und in aller Regel wieder reparieren. Ob es um ein softwareseitiges- oder hardwareseitiges Problem geht, erschlie\u00dft sich uns erst, wenn wir Ihr Ger\u00e4tentweder bei uns oder bei&hellip;&nbsp;<a href=\"https:\/\/saphir-computer.de\/willkommen\/reparaturservice\" class=\"\" rel=\"bookmark\">Weiterlesen &raquo;<span class=\"screen-reader-text\">Reparaturservice<\/span><\/a><\/p>\n","protected":false},"author":2,"featured_media":0,"parent":0,"menu_order":0,"comment_status":"closed","ping_status":"closed","template":"","meta":{"neve_meta_sidebar":"","neve_meta_container":"","neve_meta_enable_content_width":"","neve_meta_content_width":0,"neve_meta_title_alignment":"","neve_meta_author_avatar":"","neve_post_elements_order":"","neve_meta_disable_header":"","neve_meta_disable_footer":"","neve_meta_disable_title":"","neve_meta_reading_time":"","footnotes":""},"class_list":["post-8","page","type-page","status-publish","hentry"],"aioseo_notices":[],"_links":{"self":[{"href":"https:\/\/saphir-computer.de\/willkommen\/wp-json\/wp\/v2\/pages\/8","targetHints":{"allow":["GET"]}}],"collection":[{"href":"https:\/\/saphir-computer.de\/willkommen\/wp-json\/wp\/v2\/pages"}],"about":[{"href":"https:\/\/saphir-computer.de\/willkommen\/wp-json\/wp\/v2\/types\/page"}],"author":[{"embeddable":true,"href":"https:\/\/saphir-computer.de\/willkommen\/wp-json\/wp\/v2\/users\/2"}],"replies":[{"embeddable":true,"href":"https:\/\/saphir-computer.de\/willkommen\/wp-json\/wp\/v2\/comments?post=8"}],"version-history":[{"count":4,"href":"https:\/\/saphir-computer.de\/willkommen\/wp-json\/wp\/v2\/pages\/8\/revisions"}],"predecessor-version":[{"id":836,"href":"https:\/\/saphir-computer.de\/willkommen\/wp-json\/wp\/v2\/pages\/8\/revisions\/836"}],"wp:attachment":[{"href":"https:\/\/saphir-computer.de\/willkommen\/wp-json\/wp\/v2\/media?parent=8"}],"curies":[{"name":"wp","href":"https:\/\/api.w.org\/{rel}","templated":true}]}}