{"id":72,"date":"2023-08-03T06:33:52","date_gmt":"2023-08-03T06:33:52","guid":{"rendered":"https:\/\/saphir-computer.de\/?page_id=72"},"modified":"2023-09-29T12:38:12","modified_gmt":"2023-09-29T10:38:12","slug":"kontakt","status":"publish","type":"page","link":"https:\/\/saphir-computer.de\/willkommen\/kontakt","title":{"rendered":"Kontakt"},"content":{"rendered":"\n<p>Saphir Computer <br>Hard- und Softwarehandel mit Reparaturservice<br>Ralf Kolodzinski<br>Schmiedestra\u00dfe 3<br>48727 Billerbeck<br><br>Gesch\u00e4ftsf\u00fchrer: Ralf Kolodzinski<br>Ansprechb\u00fcro: Schmiedestra\u00dfe 3<\/p>\n\n\n\n<hr class=\"wp-block-separator has-alpha-channel-opacity\"\/>\n\n\n\n<h4 class=\"wp-block-heading\">Telefonische Erreichbarkeit <br>und Kommunikation<\/h4>\n\n\n\n<figure class=\"wp-block-image size-full is-resized\"><img loading=\"lazy\" decoding=\"async\" src=\"https:\/\/saphir-computer.de\/wp-content\/uploads\/2023\/08\/Schaltflaeche-Button-Kontakt-Zuschnitt-Webseite.png\" alt=\"\" class=\"wp-image-182\" style=\"width:159px;height:131px\" width=\"159\" height=\"131\" srcset=\"https:\/\/saphir-computer.de\/wp-content\/uploads\/2023\/08\/Schaltflaeche-Button-Kontakt-Zuschnitt-Webseite.png 456w, https:\/\/saphir-computer.de\/wp-content\/uploads\/2023\/08\/Schaltflaeche-Button-Kontakt-Zuschnitt-Webseite-300x248.png 300w, https:\/\/saphir-computer.de\/wp-content\/uploads\/2023\/08\/Schaltflaeche-Button-Kontakt-Zuschnitt-Webseite-24x20.png 24w, https:\/\/saphir-computer.de\/wp-content\/uploads\/2023\/08\/Schaltflaeche-Button-Kontakt-Zuschnitt-Webseite-36x30.png 36w, https:\/\/saphir-computer.de\/wp-content\/uploads\/2023\/08\/Schaltflaeche-Button-Kontakt-Zuschnitt-Webseite-48x40.png 48w\" sizes=\"auto, (max-width: 159px) 100vw, 159px\" \/><\/figure>\n\n\n\n<p><br>Telefon: 0 25 43 \/ 30 49 66<br>Mobil: 0 1 5 7 3 &#8211; 1620613<br>Email: info@saphir-computer.de<br>WhatsApp: 0 1 5 7 3 &#8211; 1620613<br><br>In Abwesenheit oder je nach Auftragslage: Anrufbeantworter, Mobilbox oder Rufweiterleitung. M\u00f6glichkeit eines Service-Tickets m\u00f6glich.<\/p>\n\n\n\n<hr class=\"wp-block-separator has-alpha-channel-opacity\"\/>\n\n\n\n<h2 class=\"wp-block-heading\">\u00d6ffnungszeiten<\/h2>\n\n\n\n<figure class=\"wp-block-table\"><table><tbody><tr><td><strong>Montag<\/strong><\/td><td><\/td><\/tr><tr><td><strong>Dienstag<\/strong><\/td><td>08:30 &#8211; 12:30 Uhr &amp; 14:00 &#8211; 18:00 Uhr<\/td><\/tr><tr><td><strong>Mittwoch<\/strong><\/td><td>08:30 &#8211; 12:30 Uhr &amp; 14:00 &#8211; 18:00 Uhr<\/td><\/tr><tr><td><strong>Donnerstag<\/strong><\/td><td>08:30 &#8211; 12:30 Uhr &amp; 14:00 &#8211; 18:00 Uhr<\/td><\/tr><tr><td><strong>Freitag<\/strong><\/td><td>08:30 &#8211; 12:30 Uhr &amp; 14:00 &#8211; 18:00 Uhr<\/td><\/tr><tr><td><strong>Samstag<\/strong><\/td><td>08:30 &#8211; 12:30 Uhr<\/td><\/tr><tr><td><strong>Sonntag<\/strong><\/td><td>Geschlossen<\/td><\/tr><\/tbody><\/table><figcaption class=\"wp-element-caption\"><em>In besonderen F\u00e4llen auch Service und Support au\u00dferhalb der \u00d6ffnungszeiten.<\/em><\/figcaption><\/figure>\n","protected":false},"excerpt":{"rendered":"<p>Saphir Computer Hard- und Softwarehandel mit ReparaturserviceRalf KolodzinskiSchmiedestra\u00dfe 348727 Billerbeck Gesch\u00e4ftsf\u00fchrer: Ralf KolodzinskiAnsprechb\u00fcro: Schmiedestra\u00dfe 3 Telefonische Erreichbarkeit und Kommunikation Telefon: 0 25 43 \/ 30 49 66Mobil: 0 1 5 7 3 &#8211; 1620613Email: info@saphir-computer.deWhatsApp: 0 1 5 7 3 &#8211; 1620613 In Abwesenheit oder je nach Auftragslage: Anrufbeantworter, Mobilbox oder Rufweiterleitung. M\u00f6glichkeit eines Service-Tickets&hellip;&nbsp;<a href=\"https:\/\/saphir-computer.de\/willkommen\/kontakt\" class=\"\" rel=\"bookmark\">Weiterlesen &raquo;<span class=\"screen-reader-text\">Kontakt<\/span><\/a><\/p>\n","protected":false},"author":2,"featured_media":0,"parent":0,"menu_order":0,"comment_status":"closed","ping_status":"closed","template":"","meta":{"neve_meta_sidebar":"","neve_meta_container":"","neve_meta_enable_content_width":"off","neve_meta_content_width":100,"neve_meta_title_alignment":"","neve_meta_author_avatar":"","neve_post_elements_order":"","neve_meta_disable_header":"","neve_meta_disable_footer":"","neve_meta_disable_title":"","neve_meta_reading_time":"","footnotes":""},"class_list":["post-72","page","type-page","status-publish","hentry"],"aioseo_notices":[],"_links":{"self":[{"href":"https:\/\/saphir-computer.de\/willkommen\/wp-json\/wp\/v2\/pages\/72","targetHints":{"allow":["GET"]}}],"collection":[{"href":"https:\/\/saphir-computer.de\/willkommen\/wp-json\/wp\/v2\/pages"}],"about":[{"href":"https:\/\/saphir-computer.de\/willkommen\/wp-json\/wp\/v2\/types\/page"}],"author":[{"embeddable":true,"href":"https:\/\/saphir-computer.de\/willkommen\/wp-json\/wp\/v2\/users\/2"}],"replies":[{"embeddable":true,"href":"https:\/\/saphir-computer.de\/willkommen\/wp-json\/wp\/v2\/comments?post=72"}],"version-history":[{"count":8,"href":"https:\/\/saphir-computer.de\/willkommen\/wp-json\/wp\/v2\/pages\/72\/revisions"}],"predecessor-version":[{"id":810,"href":"https:\/\/saphir-computer.de\/willkommen\/wp-json\/wp\/v2\/pages\/72\/revisions\/810"}],"wp:attachment":[{"href":"https:\/\/saphir-computer.de\/willkommen\/wp-json\/wp\/v2\/media?parent=72"}],"curies":[{"name":"wp","href":"https:\/\/api.w.org\/{rel}","templated":true}]}}