{"id":42,"date":"2023-08-02T14:38:40","date_gmt":"2023-08-02T14:38:40","guid":{"rendered":"https:\/\/saphir-computer.de\/?page_id=42"},"modified":"2023-09-18T06:57:58","modified_gmt":"2023-09-18T04:57:58","slug":"willkommen","status":"publish","type":"page","link":"https:\/\/saphir-computer.de\/willkommen\/","title":{"rendered":"Willkommen"},"content":{"rendered":"\n<h1 class=\"wp-block-heading has-text-align-center\">Herzlich Willkommen<\/h1>\n\n\n\n<p class=\"has-text-align-center\">Herzlich Willkommen auf unserer Internetseite. <br><br>Wir m\u00f6chten uns Ihnen gegen\u00fcber vorstellen und auf unsere Dienstleistungen, <br>unseren Service und Produkte sowie Angebote aufmerksam machen.<br><br>Im Ortskern von Billerbeck ans\u00e4ssig, sind wir als Ansprechpartner mit einem Ansprechb\u00fcro f\u00fcr Sie<br>pr\u00e4sent. Unser Schwerpunkt ist der Hard- und Softwarehandel mit Reparaturservice.<br><br>Auf unserer Webseite k\u00f6nnen Sie sich \u00fcber unsere weiteren Dienstleistungen informieren. <br><br>Damit Ihnen im Bedarfsfall schnell geholfen werden kann, nutzen Sie bitte unser Service-Formular <br>als Ticket f\u00fcr Ihr Anliegen.<br><br>Mit einem Klick auf die Schaltfl\u00e4che f\u00fcr das Service-Ticket, gelangen Sie zur Eingabe des Formulares.<\/p>\n\n\n\n<hr class=\"wp-block-separator has-alpha-channel-opacity\"\/>\n\n\n\n<h4 class=\"wp-block-heading has-text-align-center\">Schnelle Hilfe durch das Service-Ticket<\/h4>\n\n\n\n<p class=\"has-text-align-center\">Damit Ihnen im Bedarfsfall schnell geholfen werden kann, nutzen Sie bitte unser Service-Formular <br>als Ticket f\u00fcr Ihr Anliegen.<br><br>Mit einem Klick auf die Schaltfl\u00e4che f\u00fcr das Service-Ticket, gelangen Sie zur Eingabe des Formulares.<\/p>\n\n\n<div class=\"wp-block-image\">\n<figure class=\"aligncenter size-full is-resized\"><a href=\"https:\/\/saphir-computer.de\/willkommen\/service-ticket\"><img loading=\"lazy\" decoding=\"async\" src=\"https:\/\/saphir-computer.de\/wp-content\/uploads\/2023\/08\/Schaltflaeche-Button-Service-Ticket-Zuschnitt-Webseite-1.png\" alt=\"\" class=\"wp-image-180\" style=\"width:146px;height:122px\" width=\"146\" height=\"122\" srcset=\"https:\/\/saphir-computer.de\/wp-content\/uploads\/2023\/08\/Schaltflaeche-Button-Service-Ticket-Zuschnitt-Webseite-1.png 456w, https:\/\/saphir-computer.de\/wp-content\/uploads\/2023\/08\/Schaltflaeche-Button-Service-Ticket-Zuschnitt-Webseite-1-300x248.png 300w, https:\/\/saphir-computer.de\/wp-content\/uploads\/2023\/08\/Schaltflaeche-Button-Service-Ticket-Zuschnitt-Webseite-1-24x20.png 24w, https:\/\/saphir-computer.de\/wp-content\/uploads\/2023\/08\/Schaltflaeche-Button-Service-Ticket-Zuschnitt-Webseite-1-36x30.png 36w, https:\/\/saphir-computer.de\/wp-content\/uploads\/2023\/08\/Schaltflaeche-Button-Service-Ticket-Zuschnitt-Webseite-1-48x40.png 48w\" sizes=\"auto, (max-width: 146px) 100vw, 146px\" \/><\/a><\/figure><\/div>\n\n\n<hr class=\"wp-block-separator has-alpha-channel-opacity\"\/>\n\n\n\n<p class=\"has-text-align-center\">Au\u00dferdem haben Sie die M\u00f6glichkeit die sonst \u00fcblichen Kommunikationsmittel zu<br>nutzen. Wir nehmen mit Ihnen kurzfristig Kontakt auf. \u00c4hnlich der SLA-Zeiten.<\/p>\n","protected":false},"excerpt":{"rendered":"<p>Herzlich Willkommen Herzlich Willkommen auf unserer Internetseite. Wir m\u00f6chten uns Ihnen gegen\u00fcber vorstellen und auf unsere Dienstleistungen, unseren Service und Produkte sowie Angebote aufmerksam machen. Im Ortskern von Billerbeck ans\u00e4ssig, sind wir als Ansprechpartner mit einem Ansprechb\u00fcro f\u00fcr Siepr\u00e4sent. Unser Schwerpunkt ist der Hard- und Softwarehandel mit Reparaturservice. Auf unserer Webseite k\u00f6nnen Sie sich \u00fcber&hellip;&nbsp;<a href=\"https:\/\/saphir-computer.de\/willkommen\/\" class=\"\" rel=\"bookmark\">Weiterlesen &raquo;<span class=\"screen-reader-text\">Willkommen<\/span><\/a><\/p>\n","protected":false},"author":2,"featured_media":0,"parent":0,"menu_order":0,"comment_status":"closed","ping_status":"closed","template":"","meta":{"neve_meta_sidebar":"","neve_meta_container":"","neve_meta_enable_content_width":"off","neve_meta_content_width":100,"neve_meta_title_alignment":"left","neve_meta_author_avatar":"","neve_post_elements_order":"","neve_meta_disable_header":"off","neve_meta_disable_footer":"","neve_meta_disable_title":"","neve_meta_reading_time":"","footnotes":""},"class_list":["post-42","page","type-page","status-publish","hentry"],"aioseo_notices":[],"_links":{"self":[{"href":"https:\/\/saphir-computer.de\/willkommen\/wp-json\/wp\/v2\/pages\/42","targetHints":{"allow":["GET"]}}],"collection":[{"href":"https:\/\/saphir-computer.de\/willkommen\/wp-json\/wp\/v2\/pages"}],"about":[{"href":"https:\/\/saphir-computer.de\/willkommen\/wp-json\/wp\/v2\/types\/page"}],"author":[{"embeddable":true,"href":"https:\/\/saphir-computer.de\/willkommen\/wp-json\/wp\/v2\/users\/2"}],"replies":[{"embeddable":true,"href":"https:\/\/saphir-computer.de\/willkommen\/wp-json\/wp\/v2\/comments?post=42"}],"version-history":[{"count":28,"href":"https:\/\/saphir-computer.de\/willkommen\/wp-json\/wp\/v2\/pages\/42\/revisions"}],"predecessor-version":[{"id":748,"href":"https:\/\/saphir-computer.de\/willkommen\/wp-json\/wp\/v2\/pages\/42\/revisions\/748"}],"wp:attachment":[{"href":"https:\/\/saphir-computer.de\/willkommen\/wp-json\/wp\/v2\/media?parent=42"}],"curies":[{"name":"wp","href":"https:\/\/api.w.org\/{rel}","templated":true}]}}