{"id":406,"date":"2023-08-16T13:20:46","date_gmt":"2023-08-16T11:20:46","guid":{"rendered":"https:\/\/saphir-computer.de\/?page_id=406"},"modified":"2024-06-10T16:08:26","modified_gmt":"2024-06-10T14:08:26","slug":"anfahrt","status":"publish","type":"page","link":"https:\/\/saphir-computer.de\/willkommen\/anfahrt","title":{"rendered":"Anfahrt"},"content":{"rendered":"\n<h1 class=\"wp-block-heading has-text-align-center\">Anfahrt und Kontakt<\/h1>\n\n\n\n<p class=\"has-text-align-center\">Falls Sie es sich \u00fcberlegt haben, und planen, uns nach einer Terminabsprache zu besuchen, freuen wir uns \u00fcber Ihren Besuch.<br> Unsere Anlaufstelle, das Ansprechb\u00fcro befindet sich quasi im Kern der Billerbecker Innenstadt. Auf der R\u00fcckseite des Geb\u00e4udes<br>Schmiedestra\u00dfe 3, sowie in den umliegenden Stra\u00dfen, befinden sich ausreichend Parkpl\u00e4tze (zum Beispiel Rathausparkplatz). <br>Teilweise mit einer begrenzten Dauer mit Parkscheibe. Ein Besuch, eine Anlieferung oder Abholung ist daher unkompliziert m\u00f6glich.<br>Der Zugang befindet sich in einer Gasse, welche vom Rathausparkplatz zur Innenstadt f\u00fchrt oder umgekehrt. <\/p>\n\n\n<div class=\"wp-block-image\">\n<figure class=\"aligncenter size-full is-resized\"><img loading=\"lazy\" decoding=\"async\" width=\"779\" height=\"610\" src=\"https:\/\/saphir-computer.de\/wp-content\/uploads\/2023\/09\/Wegbeschreibung-Poster-1.jpg\" alt=\"\" class=\"wp-image-770\" style=\"width:438px;height:343px\" srcset=\"https:\/\/saphir-computer.de\/wp-content\/uploads\/2023\/09\/Wegbeschreibung-Poster-1.jpg 779w, https:\/\/saphir-computer.de\/wp-content\/uploads\/2023\/09\/Wegbeschreibung-Poster-1-300x235.jpg 300w, https:\/\/saphir-computer.de\/wp-content\/uploads\/2023\/09\/Wegbeschreibung-Poster-1-768x601.jpg 768w\" sizes=\"auto, (max-width: 779px) 100vw, 779px\" \/><\/figure><\/div>\n\n\n<hr class=\"wp-block-separator has-alpha-channel-opacity\"\/>\n\n\n\n<h4 class=\"wp-block-heading has-text-align-center\">Unsere Leistungen und Angebote<\/h4>\n\n\n\n<p class=\"has-text-align-center\">Falls Sie Fragen zu unseren Leistungen oder Angeboten haben, k\u00f6nnen Sie gerne das folgende Kontaktformular nutzen! Wir melden uns dann bei Ihnen.<\/p>\n\n\n<noscript class=\"ninja-forms-noscript-message\">\n\tHinweis: F\u00fcr diesen Inhalt ist JavaScript erforderlich.<\/noscript>\n<div id=\"nf-form-2-cont\" class=\"nf-form-cont\" aria-live=\"polite\" aria-labelledby=\"nf-form-title-2\" aria-describedby=\"nf-form-errors-2\" role=\"form\">\n\n    <div class=\"nf-loading-spinner\"><\/div>\n\n<\/div>\n        <!-- That data is being printed as a workaround to page builders reordering the order of the scripts loaded-->\n        <script>var formDisplay=1;var nfForms=nfForms||[];var form=[];form.id='2';form.settings={\"objectType\":\"Form Setting\",\"editActive\":true,\"title\":\"Fragen Sie uns gerne\",\"show_title\":0,\"allow_public_link\":0,\"embed_form\":\"\",\"clear_complete\":1,\"hide_complete\":1,\"default_label_pos\":\"above\",\"wrapper_class\":\"\",\"element_class\":\"\",\"form_title_heading_level\":\"3\",\"key\":\"\",\"add_submit\":1,\"currency\":\"\",\"unique_field_error\":\"A form with this value has already been submitted.\",\"logged_in\":false,\"not_logged_in_msg\":\"\",\"sub_limit_msg\":\"The form has reached its submission limit.\",\"calculations\":[],\"formContentData\":[\"firstname_1718028057938\",\"lastname_1718028061826\",\"telefon_festnetz_und_oder_mobilnummer_1718028089442\",\"email_1718028161196\",\"ihre_nachricht_an_uns_1718028178756\",\"html_1718027523519\",\"listcheckbox_1718027999985\",\"abschicken_1718028230242\"],\"changeEmailErrorMsg\":\"Bitte gib eine g\\u00fcltige E-Mail-Adresse ein.\",\"changeDateErrorMsg\":\"Bitte gib ein g\\u00fcltiges Datum ein!\",\"confirmFieldErrorMsg\":\"Diese Felder m\\u00fcssen \\u00fcbereinstimmen!\",\"fieldNumberNumMinError\":\"Die eingegebene Zahl ist zu klein.\",\"fieldNumberNumMaxError\":\"Die eingegebene Zahl ist zu gross.\",\"fieldNumberIncrementBy\":\"Bitte erh\\u00f6hen in Schritten von\",\"formErrorsCorrectErrors\":\"Bitte korrigiere die Fehler, bevor du das Formular sendest.\",\"validateRequiredField\":\"Dies ist ein Pflichtfeld.\",\"honeypotHoneypotError\":\"Honeypot-Fehler\",\"fieldsMarkedRequired\":\"Felder mit einem <span class=\\\"ninja-forms-req-symbol\\\">*<\\\/span> sind Pflichtfelder\",\"drawerDisabled\":false,\"ninjaForms\":\"Ninja Forms\",\"fieldTextareaRTEInsertLink\":\"Link einf\\u00fcgen\",\"fieldTextareaRTEInsertMedia\":\"Medien einf\\u00fcgen\",\"fieldTextareaRTESelectAFile\":\"Eine Datei ausw\\u00e4hlen\",\"formHoneypot\":\"Falls du ein Mensch bist und dieses Feld siehst, dann lasse es bitte leer.\",\"fileUploadOldCodeFileUploadInProgress\":\"Datei-Upload l\\u00e4uft.\",\"fileUploadOldCodeFileUpload\":\"DATEI-UPLOAD\",\"currencySymbol\":\"&euro;\",\"thousands_sep\":\".\",\"decimal_point\":\",\",\"siteLocale\":\"de_DE\",\"dateFormat\":\"d\\\/m\\\/Y\",\"startOfWeek\":\"1\",\"of\":\"von\",\"previousMonth\":\"Vorheriger Monat\",\"nextMonth\":\"N\\u00e4chster Monat\",\"months\":[\"Januar\",\"Februar\",\"M\\u00e4rz\",\"April\",\"Mai\",\"Juni\",\"Juli\",\"August\",\"September\",\"Oktober\",\"November\",\"Dezember\"],\"monthsShort\":[\"Jan\",\"Feb\",\"Mrz\",\"Apr\",\"Mai\",\"Jun\",\"Jul\",\"Aug\",\"Sep\",\"Okt\",\"Nov\",\"Dez\"],\"weekdays\":[\"Sonntag\",\"Montag\",\"Dienstag\",\"Mittwoch\",\"Donnerstag\",\"Freitag\",\"Samstag\"],\"weekdaysShort\":[\"So\",\"Mo\",\"Die\",\"Mi\",\"Do\",\"Fr\",\"Sa\"],\"weekdaysMin\":[\"So\",\"Mo\",\"Di\",\"Mi\",\"Do\",\"Fr\",\"Sa\"],\"recaptchaConsentMissing\":\"reCaptcha validation couldn&#039;t load.\",\"recaptchaMissingCookie\":\"reCaptcha v3 validation couldn&#039;t load the cookie needed to submit the form.\",\"recaptchaConsentEvent\":\"Accept reCaptcha cookies before sending the form.\",\"currency_symbol\":\"\",\"beforeForm\":\"\",\"beforeFields\":\"\",\"afterFields\":\"\",\"afterForm\":\"\"};form.fields=[{\"objectType\":\"Field\",\"objectDomain\":\"fields\",\"editActive\":false,\"order\":1,\"idAttribute\":\"id\",\"label\":\"Vorname\",\"type\":\"firstname\",\"key\":\"firstname_1718028057938\",\"label_pos\":\"above\",\"required\":1,\"default\":\"\",\"placeholder\":\"\",\"container_class\":\"\",\"element_class\":\"\",\"admin_label\":\"\",\"help_text\":\"\",\"custom_name_attribute\":\"fname\",\"personally_identifiable\":1,\"value\":\"\",\"drawerDisabled\":false,\"id\":5,\"beforeField\":\"\",\"afterField\":\"\",\"parentType\":\"firstname\",\"element_templates\":[\"firstname\",\"input\"],\"old_classname\":\"\",\"wrap_template\":\"wrap\"},{\"objectType\":\"Field\",\"objectDomain\":\"fields\",\"editActive\":false,\"order\":2,\"idAttribute\":\"id\",\"label\":\"Nachname\",\"type\":\"lastname\",\"key\":\"lastname_1718028061826\",\"label_pos\":\"above\",\"required\":1,\"default\":\"\",\"placeholder\":\"\",\"container_class\":\"\",\"element_class\":\"\",\"admin_label\":\"\",\"help_text\":\"\",\"custom_name_attribute\":\"lname\",\"personally_identifiable\":1,\"value\":\"\",\"id\":6,\"beforeField\":\"\",\"afterField\":\"\",\"parentType\":\"lastname\",\"element_templates\":[\"lastname\",\"input\"],\"old_classname\":\"\",\"wrap_template\":\"wrap\"},{\"objectType\":\"Field\",\"objectDomain\":\"fields\",\"editActive\":false,\"order\":3,\"idAttribute\":\"id\",\"label\":\"\\ufeffTelefon (Festnetz und\\\/oder Mobilnummer)\",\"type\":\"phone\",\"key\":\"telefon_festnetz_und_oder_mobilnummer_1718028089442\",\"label_pos\":\"above\",\"required\":1,\"default\":\"\",\"placeholder\":\"\",\"container_class\":\"\",\"element_class\":\"\",\"input_limit\":\"\",\"input_limit_type\":\"characters\",\"input_limit_msg\":\"Zeichen \\u00fcbrig\",\"manual_key\":false,\"admin_label\":\"\",\"help_text\":\"\",\"mask\":\"\",\"custom_mask\":\"\",\"custom_name_attribute\":\"phone\",\"personally_identifiable\":1,\"value\":\"\",\"drawerDisabled\":false,\"id\":7,\"beforeField\":\"\",\"afterField\":\"\",\"parentType\":\"textbox\",\"element_templates\":[\"tel\",\"textbox\",\"input\"],\"old_classname\":\"\",\"wrap_template\":\"wrap\"},{\"objectType\":\"Field\",\"objectDomain\":\"fields\",\"editActive\":false,\"order\":4,\"idAttribute\":\"id\",\"label\":\"E-Mail\",\"type\":\"email\",\"key\":\"email_1718028161196\",\"label_pos\":\"above\",\"required\":1,\"default\":\"\",\"placeholder\":\"\",\"container_class\":\"\",\"element_class\":\"\",\"admin_label\":\"\",\"help_text\":\"\",\"custom_name_attribute\":\"email\",\"personally_identifiable\":1,\"value\":\"\",\"drawerDisabled\":false,\"id\":11,\"beforeField\":\"\",\"afterField\":\"\",\"parentType\":\"email\",\"element_templates\":[\"email\",\"input\"],\"old_classname\":\"\",\"wrap_template\":\"wrap\"},{\"objectType\":\"Field\",\"objectDomain\":\"fields\",\"editActive\":false,\"order\":5,\"idAttribute\":\"id\",\"label\":\"Ihre Nachricht an uns:\",\"type\":\"textarea\",\"key\":\"ihre_nachricht_an_uns_1718028178756\",\"label_pos\":\"above\",\"required\":false,\"default\":\"\",\"placeholder\":\"\",\"container_class\":\"\",\"element_class\":\"\",\"input_limit\":\"\",\"input_limit_type\":\"characters\",\"input_limit_msg\":\"Zeichen \\u00fcbrig\",\"manual_key\":false,\"admin_label\":\"\",\"help_text\":\"\",\"textarea_rte\":\"\",\"disable_rte_mobile\":\"\",\"textarea_media\":\"\",\"value\":\"\",\"drawerDisabled\":false,\"id\":12,\"beforeField\":\"\",\"afterField\":\"\",\"parentType\":\"textarea\",\"element_templates\":[\"textarea\",\"input\"],\"old_classname\":\"\",\"wrap_template\":\"wrap\"},{\"objectType\":\"Field\",\"objectDomain\":\"fields\",\"editActive\":false,\"order\":6,\"idAttribute\":\"id\",\"label\":\"\",\"type\":\"html\",\"default\":\"<p>Wichtiger Hinweis zum Thema Datenschutz<br>Ich habe mich auf der Webseite von Saphir Computer umgesehen. Au\\u00dferdem habe ich die Seite oder Rubrik zum Thema Datenschutz aufgerufen und mir die jeweiligen Bestimmungen angesehen und verstanden. Mit dem Absenden meiner Informationen an die Firma Saphir Computer, willige ich ein, das meine Kontaktdaten dieses Formluares zur internen Weiterverarbeitung genutzt werden d\\u00fcrfen.<br><\\\/p>\",\"container_class\":\"\",\"element_class\":\"\",\"key\":\"html_1718027523519\",\"drawerDisabled\":false,\"id\":8,\"beforeField\":\"\",\"afterField\":\"\",\"value\":\"<p>Wichtiger Hinweis zum Thema Datenschutz<br>Ich habe mich auf der Webseite von Saphir Computer umgesehen. Au\\u00dferdem habe ich die Seite oder Rubrik zum Thema Datenschutz aufgerufen und mir die jeweiligen Bestimmungen angesehen und verstanden. Mit dem Absenden meiner Informationen an die Firma Saphir Computer, willige ich ein, das meine Kontaktdaten dieses Formluares zur internen Weiterverarbeitung genutzt werden d\\u00fcrfen.<br><\\\/p>\",\"label_pos\":\"above\",\"parentType\":\"html\",\"element_templates\":[\"html\",\"input\"],\"old_classname\":\"\",\"wrap_template\":\"wrap\"},{\"objectType\":\"Field\",\"objectDomain\":\"fields\",\"editActive\":false,\"order\":7,\"idAttribute\":\"id\",\"type\":\"listcheckbox\",\"label\":\"Liste mit Kontrollk\\u00e4stchen\",\"key\":\"listcheckbox_1718027999985\",\"label_pos\":\"above\",\"required\":1,\"options\":[{\"errors\":[],\"max_options\":0,\"label\":\"Angesehen und verstanden.\",\"value\":\"angesehen-und-verstanden\",\"calc\":\"\",\"selected\":0,\"order\":0,\"settingModel\":{\"settings\":false,\"hide_merge_tags\":false,\"error\":false,\"name\":\"options\",\"type\":\"option-repeater\",\"label\":\"Optionen <a href=\\\"#\\\" class=\\\"nf-add-new\\\">Hinzuf\\u00fcgen<\\\/a> <a href=\\\"#\\\" class=\\\"extra nf-open-import-tooltip\\\"><i class=\\\"fa fa-sign-in\\\" aria-hidden=\\\"true\\\"><\\\/i> Importieren<\\\/a>\",\"width\":\"full\",\"group\":\"\",\"value\":[{\"label\":\"Einer\",\"value\":\"1\",\"calc\":\"\",\"selected\":0,\"order\":0},{\"label\":\"Zwei\",\"value\":\"zwei\",\"calc\":\"\",\"selected\":0,\"order\":1},{\"label\":\"Drei\",\"value\":\"drei\",\"calc\":\"\",\"selected\":0,\"order\":2}],\"columns\":{\"label\":{\"header\":\"Beschriftung\",\"default\":\"\"},\"value\":{\"header\":\"Wert\",\"default\":\"\"},\"calc\":{\"header\":\"Berechnungswert\",\"default\":\"\"},\"selected\":{\"header\":\"<span class=\\\"dashicons dashicons-yes\\\"><\\\/span>\",\"default\":0}}}}],\"container_class\":\"\",\"element_class\":\"\",\"admin_label\":\"\",\"help_text\":\"\",\"drawerDisabled\":false,\"id\":9,\"beforeField\":\"\",\"afterField\":\"\",\"value\":\"\",\"parentType\":\"list\",\"element_templates\":[\"listcheckbox\",\"input\"],\"old_classname\":\"list-checkbox\",\"wrap_template\":\"wrap\"},{\"objectType\":\"Field\",\"objectDomain\":\"fields\",\"editActive\":false,\"order\":8,\"idAttribute\":\"id\",\"type\":\"submit\",\"label\":\"Abschicken\",\"processing_label\":\"Verarbeite\",\"container_class\":\"\",\"element_class\":\"\",\"key\":\"abschicken_1718028230242\",\"drawerDisabled\":false,\"id\":10,\"beforeField\":\"\",\"afterField\":\"\",\"value\":\"\",\"label_pos\":\"above\",\"parentType\":\"textbox\",\"element_templates\":[\"submit\",\"button\",\"input\"],\"old_classname\":\"\",\"wrap_template\":\"wrap-no-label\"}];nfForms.push(form);<\/script>\n        \n\n\n\n<hr class=\"wp-block-separator has-alpha-channel-opacity\"\/>\n\n\n\n<h4 class=\"wp-block-heading has-text-align-center\">Wegbeschreibung und Routenplaner<\/h4>\n\n\n\n<p class=\"has-text-align-center\">Diese Webseiten erlauben uns mit Hilfe von Zus\u00e4tzen auch eine vordefinierte und interaktive Karte von Open Street Maps zu integrieren. <br>Damit k\u00f6nnen Sie besser den weg zu uns finden. <br><br>Oder Sie nutzen Ihre eigenen Mittel und Werkzeuge, welche v\u00f6llig unabh\u00e4ngig und autark nur f\u00fcr Sie pers\u00f6nlich zum Einsatz kommen.<br>Ob Sie schon von vornherein Bescheid wissen oder sich Ihre eigene Route setzen und planen, bleibt ganz Ihnen \u00fcberlassen.<br><br>Falls Sie weitere Fragen zu der Anfahrt haben, stehen wir Ihnen nat\u00fcrlich gerne mit Rat und Tat zur Seite und versuchen zu helfen.<br><\/p>\n\n\n<div class=\"wp-block-image\">\n<figure class=\"aligncenter size-full is-resized\"><img loading=\"lazy\" decoding=\"async\" width=\"912\" height=\"355\" src=\"https:\/\/saphir-computer.de\/wp-content\/uploads\/2023\/08\/Logo-Saphir-Computer-2021-Zusammengesetzt-Collage-Wordpress.png\" alt=\"\" class=\"wp-image-55\" style=\"width:482px;height:188px\" srcset=\"https:\/\/saphir-computer.de\/wp-content\/uploads\/2023\/08\/Logo-Saphir-Computer-2021-Zusammengesetzt-Collage-Wordpress.png 912w, https:\/\/saphir-computer.de\/wp-content\/uploads\/2023\/08\/Logo-Saphir-Computer-2021-Zusammengesetzt-Collage-Wordpress-300x117.png 300w, https:\/\/saphir-computer.de\/wp-content\/uploads\/2023\/08\/Logo-Saphir-Computer-2021-Zusammengesetzt-Collage-Wordpress-768x299.png 768w\" sizes=\"auto, (max-width: 912px) 100vw, 912px\" \/><\/figure><\/div>\n\n\n<p class=\"has-text-align-center\"><br>Hard- und Softwarehandel mit Reparaturservice<br>Ralf Kolodzinski<br>Schmiedestra\u00dfe 3<br>48727 Billerbeck<\/p>\n\n\n\n<p class=\"has-text-align-center\"><strong>Telefon: 0 25 43 \/ 30 49 66<\/strong><\/p>\n\n\n\n<p class=\"has-text-align-center\"><strong>Mobil: 0 1 5 7 3 &#8211; 1620613<\/strong><br>Telefax: 0 25 43 \/ 3 70 96 43<\/p>\n\n\n\n<p class=\"has-text-align-center\">ralfkolo@saphir-computer.de<br><strong>info@saphir-computer.de<\/strong><\/p>\n\n\n\n<hr class=\"wp-block-separator has-alpha-channel-opacity\"\/>\n\n\n<div id=\"wp_osm_\" class=\"wp_osm\" style=\"width: 100%; height: 500px\" data-lon=\"5851570\" data-lat=\"1483500\" data-zoom=\"2\">\r\n\r\n\t<div class=\"ol-popup\">\r\n\r\n\t    <a href=\"#\" class=\"ol-popup-closer\"><\/a>\r\n\r\n\t    <div class=\"popup-content\"><\/div>\r\n\r\n\t<\/div>\r\n\r\n\t<div class=\"marker\" data-icon=\"https:\/\/saphir-computer.de\/wp-content\/plugins\/wp-open-street-map\/images\/markers\/marker.png\" data-lon=\"811771\" data-lat=\"6796040\" data-name=\"Saphir Computer\" data-description=\"So finden Sie den Weg zu uns!\"><\/div>\r\n<\/div>\n\n\n\n<p><\/p>\n\n\n\n<hr class=\"wp-block-separator has-alpha-channel-opacity\"\/>\n","protected":false},"excerpt":{"rendered":"<p>Anfahrt und Kontakt Falls Sie es sich \u00fcberlegt haben, und planen, uns nach einer Terminabsprache zu besuchen, freuen wir uns \u00fcber Ihren Besuch. Unsere Anlaufstelle, das Ansprechb\u00fcro befindet sich quasi im Kern der Billerbecker Innenstadt. Auf der R\u00fcckseite des Geb\u00e4udesSchmiedestra\u00dfe 3, sowie in den umliegenden Stra\u00dfen, befinden sich ausreichend Parkpl\u00e4tze (zum Beispiel Rathausparkplatz). Teilweise mit&hellip;&nbsp;<a href=\"https:\/\/saphir-computer.de\/willkommen\/anfahrt\" class=\"\" rel=\"bookmark\">Weiterlesen &raquo;<span class=\"screen-reader-text\">Anfahrt<\/span><\/a><\/p>\n","protected":false},"author":2,"featured_media":0,"parent":0,"menu_order":0,"comment_status":"closed","ping_status":"closed","template":"","meta":{"neve_meta_sidebar":"","neve_meta_container":"","neve_meta_enable_content_width":"off","neve_meta_content_width":100,"neve_meta_title_alignment":"","neve_meta_author_avatar":"","neve_post_elements_order":"","neve_meta_disable_header":"","neve_meta_disable_footer":"","neve_meta_disable_title":"","neve_meta_reading_time":"","footnotes":""},"class_list":["post-406","page","type-page","status-publish","hentry"],"aioseo_notices":[],"_links":{"self":[{"href":"https:\/\/saphir-computer.de\/willkommen\/wp-json\/wp\/v2\/pages\/406","targetHints":{"allow":["GET"]}}],"collection":[{"href":"https:\/\/saphir-computer.de\/willkommen\/wp-json\/wp\/v2\/pages"}],"about":[{"href":"https:\/\/saphir-computer.de\/willkommen\/wp-json\/wp\/v2\/types\/page"}],"author":[{"embeddable":true,"href":"https:\/\/saphir-computer.de\/willkommen\/wp-json\/wp\/v2\/users\/2"}],"replies":[{"embeddable":true,"href":"https:\/\/saphir-computer.de\/willkommen\/wp-json\/wp\/v2\/comments?post=406"}],"version-history":[{"count":17,"href":"https:\/\/saphir-computer.de\/willkommen\/wp-json\/wp\/v2\/pages\/406\/revisions"}],"predecessor-version":[{"id":851,"href":"https:\/\/saphir-computer.de\/willkommen\/wp-json\/wp\/v2\/pages\/406\/revisions\/851"}],"wp:attachment":[{"href":"https:\/\/saphir-computer.de\/willkommen\/wp-json\/wp\/v2\/media?parent=406"}],"curies":[{"name":"wp","href":"https:\/\/api.w.org\/{rel}","templated":true}]}}