{"id":22,"date":"2023-08-02T14:18:22","date_gmt":"2023-08-02T14:18:22","guid":{"rendered":"https:\/\/saphir-computer.de\/?page_id=22"},"modified":"2023-09-28T10:11:21","modified_gmt":"2023-09-28T08:11:21","slug":"edv-schulungen","status":"publish","type":"page","link":"https:\/\/saphir-computer.de\/willkommen\/edv-schulungen","title":{"rendered":"EDV Schulungen"},"content":{"rendered":"\n<h1 class=\"wp-block-heading has-text-align-center\">EDV Schulungen &#8211; Hilfestellung und Kurse f\u00fcr <br>Desktop-PC\u00b4s, Laptops und Smartphones<\/h1>\n\n\n\n<p class=\"has-text-align-center\">Ben\u00f6tigen Sie nach Abschlu\u00df, Wechsel oder Neuerwerb bei Ihrem Smartphone Unterst\u00fctzung?<\/p>\n\n\n\n<p class=\"has-text-align-center\">Dann bieten wir Ihnen freibleibend Hilfe und Schulungen zu unterschiedlichen Themengebieten an.<\/p>\n\n\n\n<p class=\"has-text-align-center\">Nach Erwerb, Reparatur oder \u00dcbernahme Ihres PC\u00b4s oder Laptops<br>helfen wir Ihnen bei der Installation, Einrichtung, Konfiguration und Datenablage<br>Ihres Systems. Au\u00dferdem f\u00fcgen wir Ihr Endger\u00e4t Ihrem Heimnetzwerk hinzu.<br>Sowie Scanner, Drucker usw.<\/p>\n\n\n\n<h4 class=\"wp-block-heading has-text-align-center\">Flut an Prospekten, Fernseh- und Radiowerbung, der richtige Weg durch den Technik und Tarif Dschungel. Ob kurz oder langfristig, optimiert auf der H\u00f6he der Technik.<\/h4>\n\n\n\n<p class=\"has-text-align-center\">Nach einer unverbindlichen Produktempfehlung f\u00fcr eventuelle<br>Lizenzen Ihrer Software sind wir in der Lage, Sie zu Email, Office und Datenablage<br>sowie Datensicherung zu beraten. Angefangen von dem Grundwissen bis hin zu Kurse oder<br>Hilfestellungen f\u00fcr Anwender verschiedener Software oder Apps.<\/p>\n\n\n\n<p class=\"has-text-align-center\">Wo in vielen F\u00e4llen eine Randnotiz nicht ausreicht und Sie selbst mit der Technik<br>allein gelassen werden, hilft es sich manches Mal, eine abgesteckte und themenbezogene<br>Hilfe zu suchen. In Anlehnung an den Datenschutz und Wahrung der Privatsph\u00e4re,<br>decken wir eine gro\u00dfe Bandbreite an Hard- und Software ab, zu der es offene Fragen<br>geben kann.<\/p>\n\n\n\n<hr class=\"wp-block-separator has-alpha-channel-opacity\"\/>\n\n\n\n<p class=\"has-text-align-center\"><strong>Auf Ihren pers\u00f6nlichen Wunsch hin besprechen wir gemeinsam, wie so eine Hilfestellung,<br><\/strong><br><strong>Schulung oder Kurs aussehen kann, damit Sie sich mit dem Umgang der Technik wohlf\u00fchlen<br><\/strong><br><strong>und in eventuellen Krisensituationen besser agieren k\u00f6nnen. Damit sie au\u00dferdem weitesgehend auf der H\u00f6he der Technik sind.<\/strong><\/p>\n\n\n\n<hr class=\"wp-block-separator has-alpha-channel-opacity\"\/>\n\n\n\n<h4 class=\"wp-block-heading has-text-align-center\">Unabh\u00e4ngige und freibleibende Beratung zu <br>Smartphone Tarifen und Ger\u00e4ten (Smartphone, Tablets)<\/h4>\n\n\n\n<p class=\"has-text-align-center\">Mittlerweile hat sich der Markt rund um die verschiedenen Smartphone Modelle <br>und dessen individuell einstellbaren Tarife sehr stark ver\u00e4ndert. <br>Wo es fr\u00fcher nur eine eingeschr\u00e4nkte M\u00f6glichkeit gab bei Laufzeiten oder Modellen, <br>gibt es heute zahlreiche Anbieter, Tarife und Netze, die eine gro\u00dfe Palette an M\u00f6glichkeiten zu bieten haben. <br><br>Falls Sie zu diesem Thema unabh\u00e4ngige und unverbindliche Fragen haben, beraten wir Sie gerne vor einer neuen Entscheidung.<\/p>\n\n\n\n<hr class=\"wp-block-separator has-alpha-channel-opacity\"\/>\n","protected":false},"excerpt":{"rendered":"<p>EDV Schulungen &#8211; Hilfestellung und Kurse f\u00fcr Desktop-PC\u00b4s, Laptops und Smartphones Ben\u00f6tigen Sie nach Abschlu\u00df, Wechsel oder Neuerwerb bei Ihrem Smartphone Unterst\u00fctzung? Dann bieten wir Ihnen freibleibend Hilfe und Schulungen zu unterschiedlichen Themengebieten an. Nach Erwerb, Reparatur oder \u00dcbernahme Ihres PC\u00b4s oder Laptopshelfen wir Ihnen bei der Installation, Einrichtung, Konfiguration und DatenablageIhres Systems. Au\u00dferdem f\u00fcgen&hellip;&nbsp;<a href=\"https:\/\/saphir-computer.de\/willkommen\/edv-schulungen\" class=\"\" rel=\"bookmark\">Weiterlesen &raquo;<span class=\"screen-reader-text\">EDV Schulungen<\/span><\/a><\/p>\n","protected":false},"author":2,"featured_media":0,"parent":0,"menu_order":0,"comment_status":"closed","ping_status":"closed","template":"","meta":{"neve_meta_sidebar":"","neve_meta_container":"","neve_meta_enable_content_width":"off","neve_meta_content_width":100,"neve_meta_title_alignment":"","neve_meta_author_avatar":"","neve_post_elements_order":"","neve_meta_disable_header":"","neve_meta_disable_footer":"","neve_meta_disable_title":"","neve_meta_reading_time":"","footnotes":""},"class_list":["post-22","page","type-page","status-publish","hentry"],"aioseo_notices":[],"_links":{"self":[{"href":"https:\/\/saphir-computer.de\/willkommen\/wp-json\/wp\/v2\/pages\/22","targetHints":{"allow":["GET"]}}],"collection":[{"href":"https:\/\/saphir-computer.de\/willkommen\/wp-json\/wp\/v2\/pages"}],"about":[{"href":"https:\/\/saphir-computer.de\/willkommen\/wp-json\/wp\/v2\/types\/page"}],"author":[{"embeddable":true,"href":"https:\/\/saphir-computer.de\/willkommen\/wp-json\/wp\/v2\/users\/2"}],"replies":[{"embeddable":true,"href":"https:\/\/saphir-computer.de\/willkommen\/wp-json\/wp\/v2\/comments?post=22"}],"version-history":[{"count":4,"href":"https:\/\/saphir-computer.de\/willkommen\/wp-json\/wp\/v2\/pages\/22\/revisions"}],"predecessor-version":[{"id":809,"href":"https:\/\/saphir-computer.de\/willkommen\/wp-json\/wp\/v2\/pages\/22\/revisions\/809"}],"wp:attachment":[{"href":"https:\/\/saphir-computer.de\/willkommen\/wp-json\/wp\/v2\/media?parent=22"}],"curies":[{"name":"wp","href":"https:\/\/api.w.org\/{rel}","templated":true}]}}