{"id":16,"date":"2023-08-02T14:17:48","date_gmt":"2023-08-02T14:17:48","guid":{"rendered":"https:\/\/saphir-computer.de\/?page_id=16"},"modified":"2023-09-20T16:36:13","modified_gmt":"2023-09-20T14:36:13","slug":"fernsehen","status":"publish","type":"page","link":"https:\/\/saphir-computer.de\/willkommen\/fernsehen","title":{"rendered":"Fernsehen"},"content":{"rendered":"\n<h1 class=\"wp-block-heading has-text-align-center\">Fernsehen<\/h1>\n\n\n\n<h4 class=\"wp-block-heading has-text-align-center\">Art und Umfang von TV-Ger\u00e4ten<\/h4>\n\n\n\n<p class=\"has-text-align-center\">Mittlerweile gibt es eine Vielzahl von unterschiedlichen TV-Ger\u00e4ten.<br>Diese unterscheiden sich in Ihrer Gr\u00f6\u00dfe und technischen Ausstattung.<br>Es gibt auf dem Markt entsprechend unterschiedliche Displaytypen:<br><br>LCD, LCD (Mini LED\u00b4s), QLED und OLED.<br><br>Um jetzt jeden einzelnen Typ zu beschreiben oder herauszufiltern, daf\u00fcr ist diese Seite oder der Bereich hier nicht<br>vorgesehen. <\/p>\n\n\n\n<hr class=\"wp-block-separator has-alpha-channel-opacity\"\/>\n\n\n\n<h4 class=\"wp-block-heading has-text-align-center\">Unverbindliche Beratung und Hilfe beim Kauf<\/h4>\n\n\n\n<p class=\"has-text-align-center\">Wir k\u00f6nnen Sie gerne bei Ihrer Kaufentscheidung unterst\u00fctzen und weisen Sie auf verschiedene Merkmale hin,<br>die sie wie bisher gewohnt waren oder worauf es Ihnen bei einem Neukauf ankommt. <br><br>Wie sieht es mit der Gr\u00f6\u00dfe aus?<br><br>Wo kann das TV-Ger\u00e4t am besten plaziert werden? <br><br>Gibt es ein passendes Soundsystem daf\u00fcr? Wie sieht es mit der Bedienbarkeit aus? <br><br>Wie einfach ist es, auf Favoriten zuzugreifen oder Sender zu sortieren? <br><br>Wie sieht das mit dem Empfang von HD Programmen aus? <br><br>Welches Anschlusskabel brauche ich wof\u00fcr? Was f\u00fcr einen TV-Anschluss habe ich? <br><br>Diese Fragen stellen sich schnell bei der Auswahl des richtigen Fernsehers. In diesem Fall d\u00fcrfen wir Sie freibleibend, autark und ohne Angliederung an den<br>Handel oder Servicepartner beraten. Wenn Sie das Ger\u00e4t ins Auge gefasst haben und auf eine Zusatzleistung des H\u00e4ndlers verzichtet haben,<br>sind wir gerne bereit unter Einhaltung der jeweiligen Garantie oder Gew\u00e4hrleistung, zu helfen.<\/p>\n\n\n\n<hr class=\"wp-block-separator has-alpha-channel-opacity\"\/>\n\n\n\n<h4 class=\"wp-block-heading has-text-align-center\">Richtige Montage und Installation nach Ihren Vorgaben und W\u00fcnschen<\/h4>\n\n\n\n<p class=\"has-text-align-center\">Wandmontage des Fernsehers<br><br>Aufbau des Fernsehers auf Schrank, Sideboard, Lowboard etc.<br><br>Sendersuche und Sendersortierung in Abh\u00e4ngigkeit des zur Verf\u00fcgung stehenden Anschlusses (DVB-T2, DVB-C, DVB-S\/2, IPTV)<br><br>Falls vorhanden, Anschluss an Soundbar oder bestehender Soundanlage.<br><br>Individuelle Arbeiten nach Umzug oder Renovierung, die in Verbindung mit dem Anschluss eines TV-Ger\u00e4tes stehen.<br><br>Kabelmanagement je nach Art und Umfang. So wie es die Gegebenheiten verlangen und es m\u00f6glich ist, dieses durchzuf\u00fchren.<\/p>\n\n\n\n<hr class=\"wp-block-separator has-alpha-channel-opacity\"\/>\n\n\n\n<h4 class=\"wp-block-heading has-text-align-center\">Keine Inzahlungname, keine Reparatur oder Entsorgung<\/h4>\n\n\n\n<p class=\"has-text-align-center\">Wir behalten uns vor, keine Ger\u00e4te in Zahlung zu nehmen oder etwaige defekte TV-Ger\u00e4te zu entsorgen.<\/p>\n","protected":false},"excerpt":{"rendered":"<p>Fernsehen Art und Umfang von TV-Ger\u00e4ten Mittlerweile gibt es eine Vielzahl von unterschiedlichen TV-Ger\u00e4ten.Diese unterscheiden sich in Ihrer Gr\u00f6\u00dfe und technischen Ausstattung.Es gibt auf dem Markt entsprechend unterschiedliche Displaytypen: LCD, LCD (Mini LED\u00b4s), QLED und OLED. Um jetzt jeden einzelnen Typ zu beschreiben oder herauszufiltern, daf\u00fcr ist diese Seite oder der Bereich hier nichtvorgesehen. Unverbindliche&hellip;&nbsp;<a href=\"https:\/\/saphir-computer.de\/willkommen\/fernsehen\" class=\"\" rel=\"bookmark\">Weiterlesen &raquo;<span class=\"screen-reader-text\">Fernsehen<\/span><\/a><\/p>\n","protected":false},"author":2,"featured_media":0,"parent":0,"menu_order":0,"comment_status":"closed","ping_status":"closed","template":"","meta":{"neve_meta_sidebar":"","neve_meta_container":"","neve_meta_enable_content_width":"off","neve_meta_content_width":100,"neve_meta_title_alignment":"","neve_meta_author_avatar":"","neve_post_elements_order":"","neve_meta_disable_header":"","neve_meta_disable_footer":"","neve_meta_disable_title":"","neve_meta_reading_time":"","footnotes":""},"class_list":["post-16","page","type-page","status-publish","hentry"],"aioseo_notices":[],"_links":{"self":[{"href":"https:\/\/saphir-computer.de\/willkommen\/wp-json\/wp\/v2\/pages\/16","targetHints":{"allow":["GET"]}}],"collection":[{"href":"https:\/\/saphir-computer.de\/willkommen\/wp-json\/wp\/v2\/pages"}],"about":[{"href":"https:\/\/saphir-computer.de\/willkommen\/wp-json\/wp\/v2\/types\/page"}],"author":[{"embeddable":true,"href":"https:\/\/saphir-computer.de\/willkommen\/wp-json\/wp\/v2\/users\/2"}],"replies":[{"embeddable":true,"href":"https:\/\/saphir-computer.de\/willkommen\/wp-json\/wp\/v2\/comments?post=16"}],"version-history":[{"count":4,"href":"https:\/\/saphir-computer.de\/willkommen\/wp-json\/wp\/v2\/pages\/16\/revisions"}],"predecessor-version":[{"id":763,"href":"https:\/\/saphir-computer.de\/willkommen\/wp-json\/wp\/v2\/pages\/16\/revisions\/763"}],"wp:attachment":[{"href":"https:\/\/saphir-computer.de\/willkommen\/wp-json\/wp\/v2\/media?parent=16"}],"curies":[{"name":"wp","href":"https:\/\/api.w.org\/{rel}","templated":true}]}}