{"id":10,"date":"2023-08-02T14:17:13","date_gmt":"2023-08-02T14:17:13","guid":{"rendered":"https:\/\/saphir-computer.de\/?page_id=10"},"modified":"2023-09-26T19:33:57","modified_gmt":"2023-09-26T17:33:57","slug":"vor-ort-service","status":"publish","type":"page","link":"https:\/\/saphir-computer.de\/willkommen\/vor-ort-service","title":{"rendered":"Vor-Ort-Service"},"content":{"rendered":"\n<h1 class=\"wp-block-heading has-text-align-center\">Vor-Ort-Service<\/h1>\n\n\n\n<p class=\"has-text-align-center\">Wir bieten Ihnen abh\u00e4ngig von Ihrem Aufbau, der Installation oder Konfiguration am Ort des Geschehens einen Vor-Ort-Service an. <br>Unser Service und unsere Dienstleistungen erstrecken sich \u00fcber eine Auswahl f\u00fcr PC\/Notebook und Zubeh\u00f6r sowie f\u00fcr Security und Netzwerk.<br>Wir kommen in Absprache eines Termins zu Ihnen nach Hause oder zu dem Einsatzort zu dem wir gerufen werden. Wenn eine Fernwartung<br>nicht mehr in Frage kommt, machen wir uns pers\u00f6nlich ein Bild des Problems oder Schadens. Da viele Auftr\u00e4ge auch Peripherieger\u00e4te und<br>Internet basiert sind, ist eine Alternative kaum denkbar. Wir haben f\u00fcr eine Beurteilung unser Werkzeug und eine Sammlung von Software<br>basierten Tools, die uns dabei eine Hilfe sind. Oft kommt es vor, das bereits im heimischen Umfeld die Probleme erkannt und <br>unmittelbar behoben werden.<\/p>\n\n\n\n<h4 class=\"wp-block-heading has-text-align-center\">Unser Vor-Ort-Service ist breit gef\u00e4chert. <br>Ein Auszug der Bereiche oder Dienstleistungen die f\u00fcr Sie in Frage k\u00e4men<\/h4>\n\n\n\n<p class=\"has-text-align-center\">Hard- und Softwarediagnose bei Desktop PC\u00b4s oder Notebooks.<br><br>Pr\u00fcfung und Begutachtung der angeschlossenen Peripherieger\u00e4te. (Maus, Tastatur, Drucker usw.)<br><br>Auf Wunsch, Reparatur, Installation und Konfiguration der Hard- und Software nach Kundenwunsch und Vorgaben.<br><br>Errichtung und Installation, Erweiterung und Modifikation von LAN- und WLAN basiertem Netzwerk f\u00fcr Zuhause oder Ihrem Gewerbe.<br><br>Aufbau von Security Systemen zur besseren Absicherung Ihres Grundst\u00fcckes oder Hab und Gutes. Von Smart-Home Produkten,<br>bis hin zu IP-Kameras mit zus\u00e4tzlicher Aufzeichnung auf einem passenden Recorder. (Mit iPhone\/Android App Unterst\u00fctzung).<br><br>Installation und Konfiguration von TV-Ger\u00e4ten und multimedialem Zubeh\u00f6r. Von der Installation des richtigen Empfangstuners,<br>bis hin zur Senderliste und der passenden Internetverbindung.<\/p>\n\n\n\n<hr class=\"wp-block-separator has-alpha-channel-opacity\"\/>\n\n\n\n<h4 class=\"wp-block-heading has-text-align-center\">Entstehende Kosten<\/h4>\n\n\n\n<p class=\"has-text-align-center\">Vor Auftragsannahme oder Best\u00e4tigung erkl\u00e4ren wir Ihnen in einem Kundengespr\u00e4ch alle wesentlichen Details und<br>Kosten, die Ihnen in Zusammenhang entstehen. <br><br>In Abh\u00e4ngigkeit zur Kompatiblit\u00e4t und Wirtschaftlichkeit werden Sie bei der Reparatur mit einbezogen.<br>So k\u00f6nnen Sie zum Teil variabel entscheiden, welche Gr\u00f6\u00dfenordnung oder Qualit\u00e4t bei Ihnen zum Einsatz kommen soll.<br>Insbesondere spielt das eine Rolle bei der Errichtung und Konfiguration des Netzwerkes oder der Security-Technik. <br><br>Von uns erhalten Sie ein bedarfsgerechtes, faires und ausf\u00fchrliches Angebot oder einen Kostenvoranschlag.<br>In Absprache mit anderen Gewerken und Fachkr\u00e4ften arbeiten wir in dem f\u00fcr uns zust\u00e4ndigen Bereich.<\/p>\n\n\n\n<hr class=\"wp-block-separator has-alpha-channel-opacity\"\/>\n\n\n\n<h4 class=\"wp-block-heading has-text-align-center\">Einsatzgebiet<\/h4>\n\n\n\n<p class=\"has-text-align-center\">Unser Wirkungskreis erstreckt sich \u00fcber den Kreis Coesfeld, Borken und Steinfurt.<\/p>\n","protected":false},"excerpt":{"rendered":"<p>Vor-Ort-Service Wir bieten Ihnen abh\u00e4ngig von Ihrem Aufbau, der Installation oder Konfiguration am Ort des Geschehens einen Vor-Ort-Service an. Unser Service und unsere Dienstleistungen erstrecken sich \u00fcber eine Auswahl f\u00fcr PC\/Notebook und Zubeh\u00f6r sowie f\u00fcr Security und Netzwerk.Wir kommen in Absprache eines Termins zu Ihnen nach Hause oder zu dem Einsatzort zu dem wir gerufen&hellip;&nbsp;<a href=\"https:\/\/saphir-computer.de\/willkommen\/vor-ort-service\" class=\"\" rel=\"bookmark\">Weiterlesen &raquo;<span class=\"screen-reader-text\">Vor-Ort-Service<\/span><\/a><\/p>\n","protected":false},"author":2,"featured_media":0,"parent":0,"menu_order":0,"comment_status":"closed","ping_status":"closed","template":"","meta":{"neve_meta_sidebar":"","neve_meta_container":"","neve_meta_enable_content_width":"off","neve_meta_content_width":100,"neve_meta_title_alignment":"","neve_meta_author_avatar":"","neve_post_elements_order":"","neve_meta_disable_header":"","neve_meta_disable_footer":"","neve_meta_disable_title":"","neve_meta_reading_time":"","footnotes":""},"class_list":["post-10","page","type-page","status-publish","hentry"],"aioseo_notices":[],"_links":{"self":[{"href":"https:\/\/saphir-computer.de\/willkommen\/wp-json\/wp\/v2\/pages\/10","targetHints":{"allow":["GET"]}}],"collection":[{"href":"https:\/\/saphir-computer.de\/willkommen\/wp-json\/wp\/v2\/pages"}],"about":[{"href":"https:\/\/saphir-computer.de\/willkommen\/wp-json\/wp\/v2\/types\/page"}],"author":[{"embeddable":true,"href":"https:\/\/saphir-computer.de\/willkommen\/wp-json\/wp\/v2\/users\/2"}],"replies":[{"embeddable":true,"href":"https:\/\/saphir-computer.de\/willkommen\/wp-json\/wp\/v2\/comments?post=10"}],"version-history":[{"count":12,"href":"https:\/\/saphir-computer.de\/willkommen\/wp-json\/wp\/v2\/pages\/10\/revisions"}],"predecessor-version":[{"id":798,"href":"https:\/\/saphir-computer.de\/willkommen\/wp-json\/wp\/v2\/pages\/10\/revisions\/798"}],"wp:attachment":[{"href":"https:\/\/saphir-computer.de\/willkommen\/wp-json\/wp\/v2\/media?parent=10"}],"curies":[{"name":"wp","href":"https:\/\/api.w.org\/{rel}","templated":true}]}}